{"id":15,"date":"2025-09-30T20:55:33","date_gmt":"2025-09-30T18:55:33","guid":{"rendered":"https:\/\/le9iemeentracte.com\/?page_id=15"},"modified":"2025-10-15T11:23:19","modified_gmt":"2025-10-15T09:23:19","slug":"reservation","status":"publish","type":"page","link":"https:\/\/le9iemeentracte.com\/index.php\/reservation\/","title":{"rendered":"R\u00e9servation"},"content":{"rendered":"\t\t<div data-elementor-type=\"wp-page\" data-elementor-id=\"15\" class=\"elementor elementor-15\" data-elementor-post-type=\"page\">\n\t\t\t\t<div class=\"elementor-element elementor-element-7ee16c1 e-flex e-con-boxed e-con e-parent\" data-id=\"7ee16c1\" data-element_type=\"container\" data-e-type=\"container\">\n\t\t\t\t\t<div class=\"e-con-inner\">\n\t\t\t\t<div class=\"elementor-element elementor-element-1dd7016 elementor-widget elementor-widget-heading\" data-id=\"1dd7016\" data-element_type=\"widget\" data-e-type=\"widget\" data-widget_type=\"heading.default\">\n\t\t\t\t\t<h2 class=\"elementor-heading-title elementor-size-default\">R\u00e9server d\u00e8s maintenant votre s\u00e9jour<\/h2>\t\t\t\t<\/div>\n\t\t\t\t<div class=\"elementor-element elementor-element-14a1de6 elementor-widget elementor-widget-wpbc_widget_booking_form_1\" data-id=\"14a1de6\" data-element_type=\"widget\" data-e-type=\"widget\" data-widget_type=\"wpbc_widget_booking_form_1.default\">\n\t\t\t\t<div class=\"elementor-widget-container\">\n\t\t\t\t\t <div id=\"form_id1540125735177\"  class=\"wpbc_container wpbc_form wpbc_container_booking_form  \" ><form  id=\"booking_form1\"   class=\"booking_form vertical\" method=\"post\" action=\"\"><div id=\"ajax_respond_insert1\" class=\"ajax_respond_insert\" style=\"display:none;\"><\/div><a name=\"bklnk1\" id=\"bklnk1\"><\/a><div id=\"booking_form_div1\" class=\"booking_form_div\"><style type=\"text\/css\">.wpbc_container_booking_form .block_hints, .wpbc_booking_form_simple.wpbc_form_center .wpbc__form__div .wpbc__row.wpbc_r_calendar, .wpbc_booking_form_simple .wpbc__form__div .wpbc__row:not(.wpbc_r_calendar){max-width:100%;} <\/style>\n<div class=\"wpbc_booking_form_simple \">\n<div class=\"wpbc__form__div\">\n\t\t\t<div class=\"wpbc_r_calendar wpbc__row\">\n\t\t\t\t<div class=\"wpbc_r_calendar wpbc__field\"> <label><\/label><br><div class=\"wpbc_calendar_wraper wpbc_change_over_triangle\"><div class=\"wpbc_cal_container bk_calendar_frame wpbc_no_custom_width  months_num_in_row_ cal_month_num_1\" style=\"\"><div id=\"calendar_booking1\"  class=\"wpbc_calendar_id_1\" >\t<style id=\"wpbc_calendar_loader_inline_css\">\r\n\t\t\/* Critical loader styles (scoped by class names) *\/\r\n\t\t.calendar_loader_frame {\r\n\t\t\twidth: calc(341px * var(--wpbc-loader-cols, 1));\r\n\t\t\tmax-width: 100%;\r\n\t\t\theight: 307px;\r\n\t\t\tdisplay: flex;\r\n\t\t\tflex-flow: column nowrap;\r\n\t\t\talign-items: center;\r\n\t\t\tjustify-content: center;\r\n\t\t\tborder-radius: 5px;\r\n\t\t\tbox-shadow: 0 0 2px #ccc;\r\n\t\t\tgap: 15px;\r\n\t\t\t\/* Calendar variables (safe fallbacks) *\/\r\n\t\t\tcolor: var(--wpbc_cal-available-text-color, #2c3e50);\r\n\t\t\tbackground: rgb(from var(--wpbc_cal-available-day-color, #e6f2ff) r g b \/ var(--wpbc_cal-day-bg-color-opacity, 1));\r\n\t\t\tborder: var(--wpbc_cal-day-cell-border-width, 1px) solid var(--wpbc_cal-available-day-color, #aacbeb);\r\n\t\t}\r\n\t\t.calendar_loader_text {\r\n\t\t\tfont-size: 18px;\r\n\t\t\ttext-align: center;\r\n\t\t}\r\n\t\t.calendar_loader_frame__progress_line_container {\r\n\t\t\twidth: 50%;\r\n\t\t\theight: 3px;\r\n\t\t\tmargin-top: 7px;\r\n\t\t\toverflow: hidden;\r\n\t\t\tbackground: #202020;\r\n\t\t\tborder-radius: 30px;\r\n\t\t}\r\n\t\t.calendar_loader_frame__progress_line {\r\n\t\t\twidth: 0%;\r\n\t\t\theight: 3px;\r\n\t\t\tbackground: #8ECE01;\r\n\t\t\tborder-radius: 30px;\r\n\t\t\tanimation: calendar_loader_bar_progress 3s infinite linear;\r\n\t\t}\r\n\t\t@keyframes calendar_loader_bar_progress {\r\n\t\t\tto {\r\n\t\t\t\twidth: 100%;\r\n\t\t\t}\r\n\t\t}\r\n\t\t@media (prefers-reduced-motion: reduce) {\r\n\t\t\t.calendar_loader_frame__progress_line {\r\n\t\t\t\tanimation: none;\r\n\t\t\t\twidth: 50%;\r\n\t\t\t}\r\n\t\t}\r\n\t<\/style>\r\n\t\t<div class=\"calendar_loader_frame calendar_loader_frame1\"\r\n\t\tdata-wpbc-rid=\"1\"\r\n\t\tdata-wpbc-grace=\"8000\"\r\n\t\tstyle=\"--wpbc-loader-cols: 1;\"\r\n\t>\r\n\t\t<div class=\"calendar_loader_text\">Loading...<\/div>\r\n\t\t<div class=\"calendar_loader_frame__progress_line_container\">\r\n\t\t\t<div class=\"calendar_loader_frame__progress_line\"><\/div>\r\n\t\t<\/div>\r\n\t<\/div>\r\n\t<\/div><\/div><textarea id=\"date_booking1\" name=\"date_booking1\" autocomplete=\"off\" style=\"display:none;\"><\/textarea><div class=\"block_hints datepick \"><div class=\"wpdev_hint_with_text\"><div class=\"\"><div class=\"datepick-inline wpbc_calendar_legend_table_width_height\"><table class=\"datepick wpbc_calendar\" style=\"\"><tbody><tr><td class=\"datepick-days-cell date_available wpbc_calendar_legend_day_cell_height\"><div class=\"wpbc-cell-box\">\t<div class=\"date-cell-content\">\t\t<div class=\"date-content-top\"><\/div>\t\t<a>17<\/a>\t\t<div class=\"date-content-bottom\"><\/div>\t<\/div><\/div><\/td><\/tr><\/tbody><\/table><\/div><\/div><div class=\"block_text\">- <\/div><div class=\"block_text\">Disponible<\/div><\/div><div class=\"wpdev_hint_with_text\"><div class=\"\"><div class=\"datepick-inline wpbc_calendar_legend_table_width_height\"><table class=\"datepick wpbc_calendar\" style=\"\"><tbody><tr><td class=\"datepick-days-cell datepick-unselectable date_user_unavailable full_day_booking date_approved wpbc_calendar_legend_day_cell_height\"><div class=\"wpbc-cell-box\">\t<div class=\"date-cell-content\">\t\t<div class=\"date-content-top\"><\/div>\t\t<span>17<\/span>\t\t<div class=\"date-content-bottom\"><\/div>\t<\/div><\/div><\/td><\/tr><\/tbody><\/table><\/div><\/div><div class=\"block_text\">- <\/div><div class=\"block_text\">R\u00e9serv\u00e9<\/div><\/div><div class=\"wpdev_hint_with_text\"><div class=\"\"><div class=\"datepick-inline wpbc_calendar_legend_table_width_height\"><table class=\"datepick wpbc_calendar\" style=\"\"><tbody><tr><td class=\"datepick-days-cell datepick-unselectable date_user_unavailable full_day_booking date2approve wpbc_calendar_legend_day_cell_height\"><div class=\"wpbc-cell-box\">\t<div class=\"date-cell-content\">\t\t<div class=\"date-content-top\"><\/div>\t\t<span>17<\/span>\t\t<div class=\"date-content-bottom\"><\/div>\t<\/div><\/div><\/td><\/tr><\/tbody><\/table><\/div><\/div><div class=\"block_text\">- <\/div><div class=\"block_text\">En attente<\/div><\/div><\/div><\/div> <\/div>\n\t\t\t<\/div>\n\t\t\t<div class=\"wpbc__row\">\n\t\t\t\t<div class=\"wpbc_r_name wpbc__field\"> <label>Pr\u00e9nom*<\/label><br><span class=\"wpbc_wrap_text wpdev-form-control-wrap name1\"><input type=\"text\" name=\"name1\" value=\"\" autocomplete=\"name\" class=\"wpdev-validates-as-required\" size=\"40\" \/><\/span> <\/div>\n\n\t\t\t\t<div class=\"wpbc_r_secondname wpbc__field\"> <label>Nom*<\/label><br><span class=\"wpbc_wrap_text wpdev-form-control-wrap secondname1\"><input type=\"text\" name=\"secondname1\" value=\"\" autocomplete=\"secondname\" class=\"wpdev-validates-as-required\" size=\"40\" \/><\/span> <\/div>\n\t\t\t<\/div>\n\t\t\t<div class=\"wpbc__row\">\n\t\t\t\t<div class=\"wpbc_r_email wpbc__field\"> <label>Email*<\/label><br><span class=\"wpbc_wrap_text wpdev-form-control-wrap email1\"><input type=\"email\" name=\"email1\" value=\"\" autocomplete=\"email\" class=\"wpdev-validates-as-email wpdev-validates-as-required\" size=\"40\" \/><\/span> <\/div>\n\n\t\t\t\t<div class=\"wpbc_r_phone wpbc__field\"> <label>T\u00e9l\u00e9phone*<\/label><br><span class=\"wpbc_wrap_text wpdev-form-control-wrap phone1\"><input type=\"text\" name=\"phone1\" value=\"\" autocomplete=\"phone\" class=\"wpdev-validates-as-required\" size=\"40\" \/><\/span> <\/div>\n\t\t\t<\/div>\n\t\t\t<div class=\"wpbc__row\">\n\t\t\t\t<div class=\"wpbc_r_details wpbc__field\"> <label>Information importante<\/label><br><span class=\"wpbc_wrap_textarea wpdev-form-control-wrap details1\"><textarea name=\"details1\" autocomplete=\"details\"><\/textarea><\/span> <\/div>\n\t\t\t<\/div>\n\t\t\t<div class=\"wpbc__row\">\n\t\t\t\t<div class=\"wpbc_r_cgv wpbc__field\"><span class=\"wpbc_wrap_checkbox wpdev-form-control-wrap cgv1\"><span autocomplete=\"cgv\" class=\"wpdev-validates-as-required wpdev-checkbox\"><span class=\"wpdev-list-item\"><input  autocomplete=\"cgv\" class=\"wpdev-validates-as-required wpdev-checkbox\" id=\"checkboxid177638493104694\"  onchange=\"javascript:if(typeof( wpbc_show_cost_hints_after_few_seconds )=='function'){wpbc_show_cost_hints_after_few_seconds(1);}\"  type=\"checkbox\"  name=\"cgv1[]\"  value=\"J&#039;ai lu les conditions g\u00e9n\u00e9rales d&#039;utilisations\" \/><label for=\"checkboxid177638493104694\"  class=\"wpdev-list-item-label\">J&#039;ai lu les conditions g\u00e9n\u00e9rales d&#039;utilisations<\/label><\/span><\/span><\/span> <\/div>\n\n\t\t\t\t<div class=\"wpbc_r_captcha wpbc__field\"> <label><\/label><br><span class=\"wpbc_text_captcha_container wpdev-form-control-wrap \"><input  autocomplete=\"off\" type=\"hidden\" name=\"wpdev_captcha_challenge_1\"  id=\"wpdev_captcha_challenge_1\" value=\"536800998\" \/><input  autocomplete=\"off\" type=\"text\" class=\"captachinput\" value=\"\" name=\"captcha_input1\" id=\"captcha_input1\" \/><img decoding=\"async\" class=\"captcha_img\"  id=\"captcha_img1\" alt=\"To show CAPTCHA, please deactivate cache plugin or exclude this page from caching or disable CAPTCHA at WP Booking Calendar - Settings General page in Form Options section.\" src=\"https:\/\/le9iemeentracte.com\/wp-content\/plugins\/booking\/js\/captcha\/tmp\/536800998.png\" \/><\/span> <\/div>\n\t\t\t<\/div>\n\t\t\t<div class=\"wpbc__row\">\n\t\t\t\t<div class=\"wpbc_r_submit wpbc__field\"><input type=\"button\" value=\"R\u00e9server\" class=\"wpbc_button_light  btn btn\" onclick=\"mybooking_submit(this.form,1, 'fr_FR');\" \/> <\/div>\n\t\t\t<\/div>\n<\/div>\n<\/div><script type=\"text\/javascript\">(function() { var a = setInterval( function() {  if ( ( 'undefined' === typeof _wpbc ) || ( 'undefined' === typeof jQuery ) || ! window.jQuery ) { return; } clearInterval( a ); jQuery( document ).ready( function (){\t\tmoveOptionalElementsToGarbage( 1 );\r\n\t} ); }, 500 ); })();<\/script><script type=\"text\/javascript\">(function() { var a = setInterval( function() {  if ( ( 'undefined' === typeof _wpbc ) || ( 'undefined' === typeof jQuery ) || ! window.jQuery ) { return; } clearInterval( a ); jQuery( document ).ready( function (){\t\t_wpbc.seasons__set( 1, [] );\r\n\t} ); }, 500 ); })();<\/script><input id=\"bk_type1\" name=\"bk_type1\" class=\"\" type=\"hidden\" value=\"1\" \/><\/div><div id=\"submiting1\"><\/div><div class=\"form_bk_messages\" id=\"form_bk_messages1\" ><\/div><input type=\"hidden\" id=\"wpbc_nonceCALCULATE_THE_COST1\" name=\"wpbc_nonceCALCULATE_THE_COST1\" value=\"6baa5bdaf4\" \/><input type=\"hidden\" name=\"_wp_http_referer\" value=\"\/index.php\/wp-json\/wp\/v2\/pages\/15\" \/><\/form><\/div><div id=\"booking_form_garbage1\" class=\"booking_form_garbage\"><\/div><script type=\"text\/javascript\"> (function() { var a = setInterval( function() {  if ( ( 'undefined' === typeof _wpbc ) || ( 'undefined' === typeof jQuery ) || ! window.jQuery ) { return; } clearInterval( a ); jQuery( document ).ready( function (){ jQuery(\".widget_wpdev_booking .booking_form.form-horizontal\").removeClass(\"form-horizontal\");\n\t\t\t                        var calendars__on_this_page_list = _wpbc.get_other_param( \"calendars__on_this_page\" ) || [];\n\t\t\t                        var visible_calendars_count = calendars__on_this_page_list.length;\n                                    if (visible_calendars_count !== null ) {\n                                        for (var i=0;i< visible_calendars_count ;i++){\n                                          if ( _wpbc.get_other_param( \"calendars__on_this_page\" )[i] === 1 ) {\n                                          \tconsole.log(\"%c%s\", \"color: #e77; font-weight:bold\", \"Warning! The booking calendar for this resource with the ID = 1 is already on the page. Find more details here: https:\\\/\\\/wpbookingcalendar.com\\\/faq\\\/why-the-booking-calendar-widget-not-show-on-page\\\/\");\n                                          }\n                                        }\n                                        _wpbc.get_other_param( \"calendars__on_this_page\" )[ visible_calendars_count ]=1;\n                                    } } ); }, 500 ); })();<\/script> <script type=\"text\/javascript\"> (function() { var a = setInterval( function() {  if ( ( 'undefined' === typeof _wpbc ) || ( 'undefined' === typeof jQuery ) || ! window.jQuery ) { return; } clearInterval( a ); jQuery( document ).ready( function (){ _wpbc.balancer__set_max_threads( 3 );  _wpbc.calendar__set_param_value( 1 , 'calendar_scroll_to' , false );  _wpbc.calendar__set_param_value( 1 , 'calendar_dates_start' , '' );  _wpbc.calendar__set_param_value( 1 , 'calendar_dates_end' , '' );  _wpbc.calendar__set_param_value( 1 , 'booking_max_monthes_in_calendar' , '2y' );  _wpbc.calendar__set_param_value( 1 , 'booking_start_day_weeek' , '1' );  _wpbc.calendar__set_param_value( 1 , 'calendar_number_of_months' , '1' );   _wpbc.calendar__set_param_value( 1, 'days_select_mode', 'multiple' );   _wpbc.calendar__set_param_value( 1, 'fixed__days_num', 3 );   _wpbc.calendar__set_param_value( 1, 'fixed__week_days__start',   [-1] );   _wpbc.calendar__set_param_value( 1, 'dynamic__days_min', 1 );   _wpbc.calendar__set_param_value( 1, 'dynamic__days_max', 30 );   _wpbc.calendar__set_param_value( 1, 'dynamic__days_specific',    [] );   _wpbc.calendar__set_param_value( 1, 'dynamic__week_days__start', [-1] );   _wpbc.calendar__set_param_value( 1, 'booking_date_format', 'j M Y' );   _wpbc.calendar__set_param_value( 1, 'booking_time_format', 'H:i' );  _wpbc.calendar__set_param_value( 1 , 'booking_recurrent_time' , 'On' );   if ( 'function' === typeof ( wpbc__conditions__SAVE_INITIAL__days_selection_params__bm ) ){ wpbc__conditions__SAVE_INITIAL__days_selection_params__bm( 1 ); }   wpbc_calendar_show( '1' );   _wpbc.set_secure_param( 'nonce',   '5309a624a0' );   _wpbc.set_secure_param( 'user_id', '0' );   _wpbc.set_secure_param( 'locale',  'fr_FR' );  wpbc_calendar__load_data__ajx( {\"resource_id\":1,\"booking_hash\":\"\",\"request_uri\":\"\\\/index.php\\\/wp-json\\\/wp\\\/v2\\\/pages\\\/15\",\"custom_form\":\"standard\",\"aggregate_resource_id_str\":\"\",\"aggregate_type\":\"all\"} ); } ); }, 500 ); })();<\/script><div  id=\"gateway_payment_forms  \"><\/div>\t\t\t\t<\/div>\n\t\t\t\t<\/div>\n\t\t\t\t\t<\/div>\n\t\t\t\t<\/div>\n\t\t<div class=\"elementor-element elementor-element-ed0a2bc e-flex e-con-boxed e-con e-parent\" data-id=\"ed0a2bc\" data-element_type=\"container\" data-e-type=\"container\">\n\t\t\t\t\t<div class=\"e-con-inner\">\n\t\t\t\t<div class=\"elementor-element elementor-element-4c63321 elementor-widget elementor-widget-heading\" data-id=\"4c63321\" data-element_type=\"widget\" data-e-type=\"widget\" data-widget_type=\"heading.default\">\n\t\t\t\t\t<h2 class=\"elementor-heading-title elementor-size-default\">Vous pouvez \u00e9galement r\u00e9server sur Booking.com <\/h2>\t\t\t\t<\/div>\n\t\t\t\t<div class=\"elementor-element elementor-element-91beb5b elementor-widget elementor-widget-button\" data-id=\"91beb5b\" data-element_type=\"widget\" data-e-type=\"widget\" data-widget_type=\"button.default\">\n\t\t\t\t\t\t\t\t\t\t<a class=\"elementor-button elementor-button-link elementor-size-sm\" href=\"https:\/\/www.booking.com\/hotel\/fr\/le-9eme-entracte.fr.html\" target=\"_blank\">\n\t\t\t\t\t\t<span class=\"elementor-button-content-wrapper\">\n\t\t\t\t\t\t\t\t\t<span class=\"elementor-button-text\">R\u00e9server depuis Booking.com<\/span>\n\t\t\t\t\t<\/span>\n\t\t\t\t\t<\/a>\n\t\t\t\t\t\t\t\t<\/div>\n\t\t\t\t\t<\/div>\n\t\t\t\t<\/div>\n\t\t\t\t<\/div>\n\t\t","protected":false},"excerpt":{"rendered":"<p>R\u00e9server d\u00e8s maintenant votre s\u00e9jour Loading&#8230; 15 &#8211; Disponible 15 &#8211; R\u00e9serv\u00e9 15 &#8211; En attente Pr\u00e9nom* Nom* Email* T\u00e9l\u00e9phone* Information importante Jai lu les &lt;a href=https:\/\/le9iemeentracte.com\/index.php\/conditions-generales-utilisation&gt;conditions g\u00e9n\u00e9rales dutilisations&lt;\/a&gt; Vous pouvez \u00e9galement r\u00e9server sur Booking.com R\u00e9server depuis Booking.com<\/p>\n","protected":false},"author":1,"featured_media":0,"parent":0,"menu_order":2,"comment_status":"closed","ping_status":"closed","template":"elementor_header_footer","meta":{"footnotes":""},"class_list":["post-15","page","type-page","status-publish","hentry"],"_links":{"self":[{"href":"https:\/\/le9iemeentracte.com\/index.php\/wp-json\/wp\/v2\/pages\/15","targetHints":{"allow":["GET"]}}],"collection":[{"href":"https:\/\/le9iemeentracte.com\/index.php\/wp-json\/wp\/v2\/pages"}],"about":[{"href":"https:\/\/le9iemeentracte.com\/index.php\/wp-json\/wp\/v2\/types\/page"}],"author":[{"embeddable":true,"href":"https:\/\/le9iemeentracte.com\/index.php\/wp-json\/wp\/v2\/users\/1"}],"replies":[{"embeddable":true,"href":"https:\/\/le9iemeentracte.com\/index.php\/wp-json\/wp\/v2\/comments?post=15"}],"version-history":[{"count":10,"href":"https:\/\/le9iemeentracte.com\/index.php\/wp-json\/wp\/v2\/pages\/15\/revisions"}],"predecessor-version":[{"id":287,"href":"https:\/\/le9iemeentracte.com\/index.php\/wp-json\/wp\/v2\/pages\/15\/revisions\/287"}],"wp:attachment":[{"href":"https:\/\/le9iemeentracte.com\/index.php\/wp-json\/wp\/v2\/media?parent=15"}],"curies":[{"name":"wp","href":"https:\/\/api.w.org\/{rel}","templated":true}]}}